{"id":2,"date":"2013-09-05T14:32:56","date_gmt":"2013-09-05T14:32:56","guid":{"rendered":"http:\/\/theresia.se\/?page_id=2"},"modified":"2017-08-04T12:16:29","modified_gmt":"2017-08-04T10:16:29","slug":"exempelsida","status":"publish","type":"page","link":"http:\/\/theresia.se\/?page_id=2","title":{"rendered":"Kontakt"},"content":{"rendered":"<p>&nbsp;<\/p>\n<p><em>\u00a0 \u00a0 \u00a0 \u00a0 \u00a0 \u00a0 \u00a0 \u00a0 \u00a0 \u00a0 Kontakta mig g\u00e4rna om du beh\u00f6ver bilder.\u00a0<\/em><\/p>\n<p style=\"text-align: left;\">Jag fotograferar f\u00f6r tidningar\u00a0och\u00a0f\u00f6retag, men privatpersoner \u00e4r ocks\u00e5 v\u00e4lkomna. En familjebild \u00e4r en skatt f\u00f6r framtiden. Jag tar ocks\u00e5 bilder till sociala medier och CV.\u00a0\u00a0 Det \u00e4r bara att sl\u00e5 en signal eller maila<\/p>\n<p style=\"text-align: left;\">theresia\/at\/theresia.se<\/p>\n<p style=\"text-align: left;\">telefonnummer 0707771131<\/p>\n","protected":false},"excerpt":{"rendered":"<p>&nbsp; \u00a0 \u00a0 \u00a0 \u00a0 \u00a0 \u00a0 \u00a0 \u00a0 \u00a0 \u00a0 Kontakta mig g\u00e4rna om du beh\u00f6ver bilder.\u00a0 Jag fotograferar f\u00f6r tidningar\u00a0och\u00a0f\u00f6retag, men privatpersoner \u00e4r ocks\u00e5 v\u00e4lkomna. En familjebild \u00e4r en skatt f\u00f6r framtiden. Jag tar ocks\u00e5 bilder till sociala &hellip; <a href=\"http:\/\/theresia.se\/?page_id=2\">L\u00e4s mer <span class=\"meta-nav\">&rarr;<\/span><\/a><\/p>\n","protected":false},"author":1,"featured_media":0,"parent":0,"menu_order":0,"comment_status":"open","ping_status":"open","template":"","meta":[],"_links":{"self":[{"href":"http:\/\/theresia.se\/index.php?rest_route=\/wp\/v2\/pages\/2"}],"collection":[{"href":"http:\/\/theresia.se\/index.php?rest_route=\/wp\/v2\/pages"}],"about":[{"href":"http:\/\/theresia.se\/index.php?rest_route=\/wp\/v2\/types\/page"}],"author":[{"embeddable":true,"href":"http:\/\/theresia.se\/index.php?rest_route=\/wp\/v2\/users\/1"}],"replies":[{"embeddable":true,"href":"http:\/\/theresia.se\/index.php?rest_route=%2Fwp%2Fv2%2Fcomments&post=2"}],"version-history":[{"count":10,"href":"http:\/\/theresia.se\/index.php?rest_route=\/wp\/v2\/pages\/2\/revisions"}],"predecessor-version":[{"id":171,"href":"http:\/\/theresia.se\/index.php?rest_route=\/wp\/v2\/pages\/2\/revisions\/171"}],"wp:attachment":[{"href":"http:\/\/theresia.se\/index.php?rest_route=%2Fwp%2Fv2%2Fmedia&parent=2"}],"curies":[{"name":"wp","href":"https:\/\/api.w.org\/{rel}","templated":true}]}}