{"id":426,"date":"2020-06-12T11:22:23","date_gmt":"2020-06-12T09:22:23","guid":{"rendered":"http:\/\/theresia.se\/?page_id=426"},"modified":"2020-06-12T11:50:42","modified_gmt":"2020-06-12T09:50:42","slug":"vedic-art","status":"publish","type":"page","link":"https:\/\/theresia.se\/?page_id=426","title":{"rendered":"Vedic Art"},"content":{"rendered":"\n<figure class=\"wp-block-image size-large is-resized\"><img loading=\"lazy\" src=\"http:\/\/theresia.se\/wp-content\/uploads\/2020\/06\/104163232_10157762339008227_3345350072521815979_n.jpg\" alt=\"\" class=\"wp-image-432\" width=\"275\" height=\"367\" srcset=\"https:\/\/theresia.se\/wp-content\/uploads\/2020\/06\/104163232_10157762339008227_3345350072521815979_n.jpg 720w, https:\/\/theresia.se\/wp-content\/uploads\/2020\/06\/104163232_10157762339008227_3345350072521815979_n-225x300.jpg 225w\" sizes=\"(max-width: 275px) 100vw, 275px\" \/><\/figure>\n\n\n\n<p>Jag \u00e4r l\u00e4rare i Vedic Art och kan hj\u00e4lpa dig att s\u00e4tta ig\u00e5ng eller forts\u00e4tta din kreativa m\u00e5larprocess genom Vedic Arts principer. <\/p>\n\n\n\n<p>Under tre helger f\u00e5r du ta del av grundkursen. <\/p>\n\n\n\n<p>Jag kan ta en liten grupp i studion eller enskilda ocks\u00e5 d\u00e4r eller hemmavid.<br>Det finns bra utemilj\u00f6 att vara i om man vill g\u00e5 ut.<br>En hel grundkurs 6 dagar 10-16   kostar just nu 2000:- endagspris 500 :- Vi avs\u00e4tter en timma f\u00f6r lunch som tas med eller ink\u00f6ps i n\u00e4rheten. Enklare fika kommer att finnas p\u00e5 plats<br>Jag h\u00e5ller l\u00e5ga priser nu i b\u00f6rjan. <\/p>\n\n\n\n<p>Jag finns p\u00e5 S\u00f6dermalm<\/p>\n\n\n\n<p>Mer information och inspiration kommer.<\/p>\n","protected":false},"excerpt":{"rendered":"<p>Jag \u00e4r l\u00e4rare i Vedic Art och kan hj\u00e4lpa dig att s\u00e4tta ig\u00e5ng eller forts\u00e4tta din kreativa m\u00e5larprocess genom Vedic Arts principer. Under tre helger f\u00e5r du ta del av grundkursen. Jag kan ta en liten grupp i studion eller &hellip; <a href=\"https:\/\/theresia.se\/?page_id=426\">L\u00e4s mer <span class=\"meta-nav\">&rarr;<\/span><\/a><\/p>\n","protected":false},"author":1,"featured_media":0,"parent":0,"menu_order":0,"comment_status":"closed","ping_status":"closed","template":"","meta":[],"_links":{"self":[{"href":"https:\/\/theresia.se\/index.php?rest_route=\/wp\/v2\/pages\/426"}],"collection":[{"href":"https:\/\/theresia.se\/index.php?rest_route=\/wp\/v2\/pages"}],"about":[{"href":"https:\/\/theresia.se\/index.php?rest_route=\/wp\/v2\/types\/page"}],"author":[{"embeddable":true,"href":"https:\/\/theresia.se\/index.php?rest_route=\/wp\/v2\/users\/1"}],"replies":[{"embeddable":true,"href":"https:\/\/theresia.se\/index.php?rest_route=%2Fwp%2Fv2%2Fcomments&post=426"}],"version-history":[{"count":6,"href":"https:\/\/theresia.se\/index.php?rest_route=\/wp\/v2\/pages\/426\/revisions"}],"predecessor-version":[{"id":434,"href":"https:\/\/theresia.se\/index.php?rest_route=\/wp\/v2\/pages\/426\/revisions\/434"}],"wp:attachment":[{"href":"https:\/\/theresia.se\/index.php?rest_route=%2Fwp%2Fv2%2Fmedia&parent=426"}],"curies":[{"name":"wp","href":"https:\/\/api.w.org\/{rel}","templated":true}]}}